{"id":773,"date":"2025-09-11T19:14:09","date_gmt":"2025-09-11T23:14:09","guid":{"rendered":"https:\/\/whco.music\/?page_id=773"},"modified":"2025-11-27T07:40:51","modified_gmt":"2025-11-27T12:40:51","slug":"get-involved","status":"publish","type":"page","link":"https:\/\/whco.music\/es\/get-involved\/","title":{"rendered":"Invol\u00facrate"},"content":{"rendered":"<div class=\"wp-block-group has-global-padding is-layout-constrained wp-container-core-group-is-layout-a4730fb6 wp-block-group-is-layout-constrained\" style=\"margin-top:0;margin-bottom:0;padding-right:0;padding-left:0\">\n<p class=\"wp-block-paragraph\">\u00bfBuscas una manera divertida y \u00fanica de conectar con tu comunidad (y adem\u00e1s escuchar buena m\u00fasica)? \u00a1Considera ser voluntario en la WHCO!&nbsp;<\/p>\n<\/div>\n\n\n\n<div class=\"wp-block-columns is-layout-flex wp-container-core-columns-is-layout-9ba6dbca wp-block-columns-is-layout-flex\">\n<div class=\"wp-block-column form-donation is-layout-flow wp-block-column-is-layout-flow\">\n<script type=\"text\/javascript\" src=\"https:\/\/secure.lglforms.com\/form_engine\/s\/-UvzY7_yVFLB7JU75D-OHQ.js\"><\/script><noscript><a href=\"https:\/\/secure.lglforms.com\/form_engine\/s\/-UvzY7_yVFLB7JU75D-OHQ\">Rellene mi formulario LGL<\/a><br\/><\/noscript>\n<\/div>\n<\/div>","protected":false},"excerpt":{"rendered":"<p>Are you looking for a fun and unique way to connect with your community (and also hear great music)? Consider volunteering with WHCO!&nbsp; Fill out my LGL Form!<\/p>","protected":false},"author":270283022,"featured_media":0,"parent":0,"menu_order":0,"comment_status":"closed","ping_status":"closed","template":"","meta":{"_acf_changed":false,"_crdt_document":"","inline_featured_image":false,"_price":"","_stock":"","_tribe_ticket_header":"","_tribe_default_ticket_provider":"","_tribe_ticket_capacity":"0","_ticket_start_date":"","_ticket_end_date":"","_tribe_ticket_show_description":"","_tribe_ticket_show_not_going":false,"_tribe_ticket_use_global_stock":"","_tribe_ticket_global_stock_level":"","_global_stock_mode":"","_global_stock_cap":"","_tribe_rsvp_for_event":"","_tribe_ticket_going_count":"","_tribe_ticket_not_going_count":"","_tribe_tickets_list":"[]","_tribe_ticket_has_attendee_info_fields":false,"_EventAllDay":false,"_EventTimezone":"","_EventStartDate":"","_EventEndDate":"","_EventStartDateUTC":"","_EventEndDateUTC":"","_EventShowMap":false,"_EventShowMapLink":false,"_EventURL":"","_EventCost":"","_EventCostDescription":"","_EventCurrencySymbol":"","_EventCurrencyCode":"","_EventCurrencyPosition":"","_EventDateTimeSeparator":"","_EventTimeRangeSeparator":"","_EventOrganizerID":[],"_EventVenueID":[],"_OrganizerEmail":"","_OrganizerPhone":"","_OrganizerWebsite":"","_VenueAddress":"","_VenueCity":"","_VenueCountry":"","_VenueProvince":"","_VenueState":"","_VenueZip":"","_VenuePhone":"","_VenueURL":"","_VenueStateProvince":"","_VenueLat":"","_VenueLng":"","_VenueShowMap":false,"_VenueShowMapLink":false,"_tribe_blocks_recurrence_rules":"","_tribe_blocks_recurrence_description":"","_tribe_blocks_recurrence_exclusions":"","footnotes":"","_tec_slr_enabled":"","_tec_slr_layout":""},"class_list":["post-773","page","type-page","status-publish","hentry"],"acf":[],"yoast_head":"<!-- This site is optimized with the Yoast SEO plugin v27.4 - https:\/\/yoast.com\/product\/yoast-seo-wordpress\/ -->\n<title>Get Involved - WHCO<\/title>\n<meta name=\"robots\" content=\"index, follow, max-snippet:-1, max-image-preview:large, max-video-preview:-1\" \/>\n<link rel=\"canonical\" href=\"https:\/\/whco.music\/es\/get-involved\/\" \/>\n<meta property=\"og:locale\" content=\"es_ES\" \/>\n<meta property=\"og:type\" content=\"article\" \/>\n<meta property=\"og:title\" content=\"Get Involved - WHCO\" \/>\n<meta property=\"og:description\" content=\"Are you looking for a fun and unique way to connect with your community (and also hear great music)? Consider volunteering with WHCO!&nbsp; Fill out my LGL Form!\" \/>\n<meta property=\"og:url\" content=\"https:\/\/whco.music\/es\/get-involved\/\" \/>\n<meta property=\"og:site_name\" content=\"WHCO\" \/>\n<meta property=\"article:modified_time\" content=\"2025-11-27T12:40:51+00:00\" \/>\n<meta property=\"og:image\" content=\"https:\/\/i0.wp.com\/whco.music\/wp-content\/uploads\/2025\/08\/cropped-Small-Format-Black.png?fit=512%2C512&ssl=1\" \/>\n\t<meta property=\"og:image:width\" content=\"512\" \/>\n\t<meta property=\"og:image:height\" content=\"512\" \/>\n\t<meta property=\"og:image:type\" content=\"image\/png\" \/>\n<meta name=\"twitter:card\" content=\"summary_large_image\" \/>\n<meta name=\"twitter:label1\" content=\"Tiempo de lectura\" \/>\n\t<meta name=\"twitter:data1\" content=\"1 minuto\" \/>\n<script type=\"application\/ld+json\" class=\"yoast-schema-graph\">{\"@context\":\"https:\\\/\\\/schema.org\",\"@graph\":[{\"@type\":\"WebPage\",\"@id\":\"https:\\\/\\\/whco.music\\\/get-involved\\\/\",\"url\":\"https:\\\/\\\/whco.music\\\/get-involved\\\/\",\"name\":\"Get Involved - WHCO\",\"isPartOf\":{\"@id\":\"https:\\\/\\\/whco.music\\\/#website\"},\"datePublished\":\"2025-09-11T23:14:09+00:00\",\"dateModified\":\"2025-11-27T12:40:51+00:00\",\"breadcrumb\":{\"@id\":\"https:\\\/\\\/whco.music\\\/get-involved\\\/#breadcrumb\"},\"inLanguage\":\"es\",\"potentialAction\":[{\"@type\":\"ReadAction\",\"target\":[\"https:\\\/\\\/whco.music\\\/get-involved\\\/\"]}]},{\"@type\":\"BreadcrumbList\",\"@id\":\"https:\\\/\\\/whco.music\\\/get-involved\\\/#breadcrumb\",\"itemListElement\":[{\"@type\":\"ListItem\",\"position\":1,\"name\":\"Home\",\"item\":\"https:\\\/\\\/whco.music\\\/\"},{\"@type\":\"ListItem\",\"position\":2,\"name\":\"Get Involved\"}]},{\"@type\":\"WebSite\",\"@id\":\"https:\\\/\\\/whco.music\\\/#website\",\"url\":\"https:\\\/\\\/whco.music\\\/\",\"name\":\"WHCO\",\"description\":\"The official website of WHCO\",\"publisher\":{\"@id\":\"https:\\\/\\\/whco.music\\\/#organization\"},\"potentialAction\":[{\"@type\":\"SearchAction\",\"target\":{\"@type\":\"EntryPoint\",\"urlTemplate\":\"https:\\\/\\\/whco.music\\\/?s={search_term_string}\"},\"query-input\":{\"@type\":\"PropertyValueSpecification\",\"valueRequired\":true,\"valueName\":\"search_term_string\"}}],\"inLanguage\":\"es\"},{\"@type\":\"Organization\",\"@id\":\"https:\\\/\\\/whco.music\\\/#organization\",\"name\":\"WHCO\",\"alternateName\":\"Get Inspired With Us\",\"url\":\"https:\\\/\\\/whco.music\\\/\",\"logo\":{\"@type\":\"ImageObject\",\"inLanguage\":\"es\",\"@id\":\"https:\\\/\\\/whco.music\\\/#\\\/schema\\\/logo\\\/image\\\/\",\"url\":\"https:\\\/\\\/whco.music\\\/wp-content\\\/uploads\\\/2025\\\/08\\\/cropped-Small-Format-Black.png\",\"contentUrl\":\"https:\\\/\\\/whco.music\\\/wp-content\\\/uploads\\\/2025\\\/08\\\/cropped-Small-Format-Black.png\",\"width\":512,\"height\":512,\"caption\":\"WHCO\"},\"image\":{\"@id\":\"https:\\\/\\\/whco.music\\\/#\\\/schema\\\/logo\\\/image\\\/\"}}]}<\/script>\n<!-- \/ Yoast SEO plugin. -->","yoast_head_json":{"title":"Get Involved - WHCO","robots":{"index":"index","follow":"follow","max-snippet":"max-snippet:-1","max-image-preview":"max-image-preview:large","max-video-preview":"max-video-preview:-1"},"canonical":"https:\/\/whco.music\/es\/get-involved\/","og_locale":"es_ES","og_type":"article","og_title":"Get Involved - WHCO","og_description":"Are you looking for a fun and unique way to connect with your community (and also hear great music)? Consider volunteering with WHCO!&nbsp; Fill out my LGL Form!","og_url":"https:\/\/whco.music\/es\/get-involved\/","og_site_name":"WHCO","article_modified_time":"2025-11-27T12:40:51+00:00","og_image":[{"width":512,"height":512,"url":"https:\/\/i0.wp.com\/whco.music\/wp-content\/uploads\/2025\/08\/cropped-Small-Format-Black.png?fit=512%2C512&ssl=1","type":"image\/png"}],"twitter_card":"summary_large_image","twitter_misc":{"Tiempo de lectura":"1 minuto"},"schema":{"@context":"https:\/\/schema.org","@graph":[{"@type":"WebPage","@id":"https:\/\/whco.music\/get-involved\/","url":"https:\/\/whco.music\/get-involved\/","name":"Get Involved - WHCO","isPartOf":{"@id":"https:\/\/whco.music\/#website"},"datePublished":"2025-09-11T23:14:09+00:00","dateModified":"2025-11-27T12:40:51+00:00","breadcrumb":{"@id":"https:\/\/whco.music\/get-involved\/#breadcrumb"},"inLanguage":"es","potentialAction":[{"@type":"ReadAction","target":["https:\/\/whco.music\/get-involved\/"]}]},{"@type":"BreadcrumbList","@id":"https:\/\/whco.music\/get-involved\/#breadcrumb","itemListElement":[{"@type":"ListItem","position":1,"name":"Home","item":"https:\/\/whco.music\/"},{"@type":"ListItem","position":2,"name":"Get Involved"}]},{"@type":"WebSite","@id":"https:\/\/whco.music\/#website","url":"https:\/\/whco.music\/","name":"WHCO","description":"Sitio web oficial de la WHCO","publisher":{"@id":"https:\/\/whco.music\/#organization"},"potentialAction":[{"@type":"SearchAction","target":{"@type":"EntryPoint","urlTemplate":"https:\/\/whco.music\/?s={search_term_string}"},"query-input":{"@type":"PropertyValueSpecification","valueRequired":true,"valueName":"search_term_string"}}],"inLanguage":"es"},{"@type":"Organization","@id":"https:\/\/whco.music\/#organization","name":"WHCO","alternateName":"Get Inspired With Us","url":"https:\/\/whco.music\/","logo":{"@type":"ImageObject","inLanguage":"es","@id":"https:\/\/whco.music\/#\/schema\/logo\/image\/","url":"https:\/\/whco.music\/wp-content\/uploads\/2025\/08\/cropped-Small-Format-Black.png","contentUrl":"https:\/\/whco.music\/wp-content\/uploads\/2025\/08\/cropped-Small-Format-Black.png","width":512,"height":512,"caption":"WHCO"},"image":{"@id":"https:\/\/whco.music\/#\/schema\/logo\/image\/"}}]}},"jetpack_sharing_enabled":true,"jetpack_shortlink":"https:\/\/wp.me\/PgKNwn-ct","jetpack-related-posts":[],"ticketed":false,"_links":{"self":[{"href":"https:\/\/whco.music\/es\/wp-json\/wp\/v2\/pages\/773","targetHints":{"allow":["GET"]}}],"collection":[{"href":"https:\/\/whco.music\/es\/wp-json\/wp\/v2\/pages"}],"about":[{"href":"https:\/\/whco.music\/es\/wp-json\/wp\/v2\/types\/page"}],"author":[{"embeddable":true,"href":"https:\/\/whco.music\/es\/wp-json\/wp\/v2\/users\/270283022"}],"replies":[{"embeddable":true,"href":"https:\/\/whco.music\/es\/wp-json\/wp\/v2\/comments?post=773"}],"version-history":[{"count":11,"href":"https:\/\/whco.music\/es\/wp-json\/wp\/v2\/pages\/773\/revisions"}],"predecessor-version":[{"id":2129,"href":"https:\/\/whco.music\/es\/wp-json\/wp\/v2\/pages\/773\/revisions\/2129"}],"wp:attachment":[{"href":"https:\/\/whco.music\/es\/wp-json\/wp\/v2\/media?parent=773"}],"curies":[{"name":"wp","href":"https:\/\/api.w.org\/{rel}","templated":true}]}}