{"id":2027,"date":"2025-11-12T00:42:02","date_gmt":"2025-11-12T05:42:02","guid":{"rendered":"https:\/\/whco.music\/?page_id=2027"},"modified":"2025-11-15T06:35:21","modified_gmt":"2025-11-15T11:35:21","slug":"contact-us","status":"publish","type":"page","link":"https:\/\/whco.music\/es\/contact-us\/","title":{"rendered":"Contacte con nosotros"},"content":{"rendered":"<div class=\"wp-block-group contact-sub-heading has-global-padding is-layout-constrained wp-block-group-is-layout-constrained\">\n<p class=\"has-text-align-center wp-block-paragraph\">Nuestro equipo estar\u00e1 encantado de responder a todas sus preguntas. As\u00ed es como puede ponerse en contacto con nosotros:<\/p>\n<\/div>\n\n\n\n<div class=\"wp-block-group contact-form has-global-padding is-layout-constrained wp-block-group-is-layout-constrained\">\n<div class=\"wp-block-columns is-layout-flex wp-container-core-columns-is-layout-8fbde59d wp-block-columns-is-layout-flex\" style=\"padding-top:var(--wp--preset--spacing--50);padding-bottom:var(--wp--preset--spacing--50)\">\n<div class=\"wp-block-column contact-detail is-layout-flow wp-block-column-is-layout-flow\" style=\"padding-top:var(--wp--preset--spacing--20);padding-right:0;padding-bottom:var(--wp--preset--spacing--20);padding-left:0\">\n<h4 class=\"wp-block-heading has-text-align-center\" style=\"margin-top:var(--wp--preset--spacing--20);margin-right:0;margin-bottom:var(--wp--preset--spacing--20);margin-left:0;font-size:clamp(16.293px, 1.018rem + ((1vw - 3.2px) * 0.888), 25px);\">Direcci\u00f3n postal<\/h4>\n\n\n\n<p class=\"has-text-align-center wp-block-paragraph\">5030 Broadway, Ste. 672 <br>Nueva York, NY 10034<\/p>\n<\/div>\n\n\n\n<div class=\"wp-block-column contact-detail is-layout-flow wp-block-column-is-layout-flow\" style=\"padding-top:var(--wp--preset--spacing--20);padding-bottom:var(--wp--preset--spacing--20)\">\n<h4 class=\"wp-block-heading has-text-align-center detail-title\" style=\"margin-top:var(--wp--preset--spacing--20);margin-right:0;margin-bottom:var(--wp--preset--spacing--20);margin-left:0;font-size:clamp(16.293px, 1.018rem + ((1vw - 3.2px) * 0.888), 25px);\">Correo electr\u00f3nico<\/h4>\n\n\n\n<p class=\"has-text-align-center wp-block-paragraph\"><a href=\"mailto:info@whco.music\" data-type=\"mailto\" data-id=\"mailto:\">info@whco.music<\/a><\/p>\n<\/div>\n\n\n\n<div class=\"wp-block-column contact-detail is-layout-flow wp-block-column-is-layout-flow\" style=\"padding-top:var(--wp--preset--spacing--20);padding-bottom:var(--wp--preset--spacing--20)\">\n<h4 class=\"wp-block-heading has-text-align-center detail-title\" style=\"margin-top:var(--wp--preset--spacing--20);margin-right:0;margin-bottom:var(--wp--preset--spacing--20);margin-left:0;font-size:clamp(16.293px, 1.018rem + ((1vw - 3.2px) * 0.888), 25px);\">Enlaces importantes<\/h4>\n\n\n\n<h6 class=\"wp-block-heading has-text-align-center\" style=\"margin-top:var(--wp--preset--spacing--20);margin-right:0;margin-bottom:var(--wp--preset--spacing--20);margin-left:0;font-size:clamp(16.293px, 1.018rem + ((1vw - 3.2px) * 0.888), 25px);\"><a href=\"https:\/\/whco.music\/es\/support\/\" data-type=\"page\" data-id=\"32\">Donar<\/a><\/h6>\n\n\n\n<h6 class=\"wp-block-heading has-text-align-center\" style=\"margin-top:var(--wp--preset--spacing--20);margin-right:0;margin-bottom:var(--wp--preset--spacing--20);margin-left:0;font-size:clamp(16.293px, 1.018rem + ((1vw - 3.2px) * 0.888), 25px);\"><a href=\"https:\/\/whco.music\/es\/get-involved\/\" data-type=\"page\" data-id=\"32\">Voluntario<\/a><\/h6>\n\n\n\n<h6 class=\"wp-block-heading has-text-align-center\" style=\"margin-top:var(--wp--preset--spacing--20);margin-right:0;margin-bottom:var(--wp--preset--spacing--20);margin-left:0;font-size:clamp(16.293px, 1.018rem + ((1vw - 3.2px) * 0.888), 25px);\"><a href=\"https:\/\/whco.music\/es\/community\/\" data-type=\"page\" data-id=\"32\">Comunidad<\/a><\/h6>\n<\/div>\n<\/div>\n<\/div>","protected":false},"excerpt":{"rendered":"<p>Our team is happy to answer any questions you may have. Here\u2019s how you can reach us: Mailing Address 5030 Broadway, Ste. 672 New York, NY 10034 Email Address info@whco.music [&hellip;]<\/p>\n","protected":false},"author":270283022,"featured_media":0,"parent":0,"menu_order":0,"comment_status":"closed","ping_status":"closed","template":"","meta":{"_acf_changed":false,"_crdt_document":"","inline_featured_image":false,"_price":"","_stock":"","_tribe_ticket_header":"","_tribe_default_ticket_provider":"","_tribe_ticket_capacity":"0","_ticket_start_date":"","_ticket_end_date":"","_tribe_ticket_show_description":"","_tribe_ticket_show_not_going":false,"_tribe_ticket_use_global_stock":"","_tribe_ticket_global_stock_level":"","_global_stock_mode":"","_global_stock_cap":"","_tribe_rsvp_for_event":"","_tribe_ticket_going_count":"","_tribe_ticket_not_going_count":"","_tribe_tickets_list":"[]","_tribe_ticket_has_attendee_info_fields":false,"_EventAllDay":false,"_EventTimezone":"","_EventStartDate":"","_EventEndDate":"","_EventStartDateUTC":"","_EventEndDateUTC":"","_EventShowMap":false,"_EventShowMapLink":false,"_EventURL":"","_EventCost":"","_EventCostDescription":"","_EventCurrencySymbol":"","_EventCurrencyCode":"","_EventCurrencyPosition":"","_EventDateTimeSeparator":"","_EventTimeRangeSeparator":"","_EventOrganizerID":[],"_EventVenueID":[],"_OrganizerEmail":"","_OrganizerPhone":"","_OrganizerWebsite":"","_VenueAddress":"","_VenueCity":"","_VenueCountry":"","_VenueProvince":"","_VenueState":"","_VenueZip":"","_VenuePhone":"","_VenueURL":"","_VenueStateProvince":"","_VenueLat":"","_VenueLng":"","_VenueShowMap":false,"_VenueShowMapLink":false,"_tribe_blocks_recurrence_rules":"","_tribe_blocks_recurrence_description":"","_tribe_blocks_recurrence_exclusions":"","footnotes":"","_tec_slr_enabled":"","_tec_slr_layout":""},"class_list":["post-2027","page","type-page","status-publish","hentry"],"acf":[],"yoast_head":"<!-- This site is optimized with the Yoast SEO plugin v27.4 - https:\/\/yoast.com\/product\/yoast-seo-wordpress\/ -->\n<title>Contact Us - WHCO<\/title>\n<meta name=\"robots\" content=\"index, follow, max-snippet:-1, max-image-preview:large, max-video-preview:-1\" \/>\n<link rel=\"canonical\" href=\"https:\/\/whco.music\/es\/contact-us\/\" \/>\n<meta property=\"og:locale\" content=\"es_ES\" \/>\n<meta property=\"og:type\" content=\"article\" \/>\n<meta property=\"og:title\" content=\"Contact Us - WHCO\" \/>\n<meta property=\"og:description\" content=\"Our team is happy to answer any questions you may have. Here\u2019s how you can reach us: Mailing Address 5030 Broadway, Ste. 672 New York, NY 10034 Email Address info@whco.music [&hellip;]\" \/>\n<meta property=\"og:url\" content=\"https:\/\/whco.music\/es\/contact-us\/\" \/>\n<meta property=\"og:site_name\" content=\"WHCO\" \/>\n<meta property=\"article:modified_time\" content=\"2025-11-15T11:35:21+00:00\" \/>\n<meta property=\"og:image\" content=\"https:\/\/i0.wp.com\/whco.music\/wp-content\/uploads\/2025\/08\/cropped-Small-Format-Black.png?fit=512%2C512&ssl=1\" \/>\n\t<meta property=\"og:image:width\" content=\"512\" \/>\n\t<meta property=\"og:image:height\" content=\"512\" \/>\n\t<meta property=\"og:image:type\" content=\"image\/png\" \/>\n<meta name=\"twitter:card\" content=\"summary_large_image\" \/>\n<meta name=\"twitter:label1\" content=\"Tiempo de lectura\" \/>\n\t<meta name=\"twitter:data1\" content=\"1 minuto\" \/>\n<script type=\"application\/ld+json\" class=\"yoast-schema-graph\">{\"@context\":\"https:\\\/\\\/schema.org\",\"@graph\":[{\"@type\":\"WebPage\",\"@id\":\"https:\\\/\\\/whco.music\\\/contact-us\\\/\",\"url\":\"https:\\\/\\\/whco.music\\\/contact-us\\\/\",\"name\":\"Contact Us - WHCO\",\"isPartOf\":{\"@id\":\"https:\\\/\\\/whco.music\\\/#website\"},\"datePublished\":\"2025-11-12T05:42:02+00:00\",\"dateModified\":\"2025-11-15T11:35:21+00:00\",\"breadcrumb\":{\"@id\":\"https:\\\/\\\/whco.music\\\/contact-us\\\/#breadcrumb\"},\"inLanguage\":\"es\",\"potentialAction\":[{\"@type\":\"ReadAction\",\"target\":[\"https:\\\/\\\/whco.music\\\/contact-us\\\/\"]}]},{\"@type\":\"BreadcrumbList\",\"@id\":\"https:\\\/\\\/whco.music\\\/contact-us\\\/#breadcrumb\",\"itemListElement\":[{\"@type\":\"ListItem\",\"position\":1,\"name\":\"Home\",\"item\":\"https:\\\/\\\/whco.music\\\/\"},{\"@type\":\"ListItem\",\"position\":2,\"name\":\"Contact Us\"}]},{\"@type\":\"WebSite\",\"@id\":\"https:\\\/\\\/whco.music\\\/#website\",\"url\":\"https:\\\/\\\/whco.music\\\/\",\"name\":\"WHCO\",\"description\":\"The official website of WHCO\",\"publisher\":{\"@id\":\"https:\\\/\\\/whco.music\\\/#organization\"},\"potentialAction\":[{\"@type\":\"SearchAction\",\"target\":{\"@type\":\"EntryPoint\",\"urlTemplate\":\"https:\\\/\\\/whco.music\\\/?s={search_term_string}\"},\"query-input\":{\"@type\":\"PropertyValueSpecification\",\"valueRequired\":true,\"valueName\":\"search_term_string\"}}],\"inLanguage\":\"es\"},{\"@type\":\"Organization\",\"@id\":\"https:\\\/\\\/whco.music\\\/#organization\",\"name\":\"WHCO\",\"alternateName\":\"Get Inspired With Us\",\"url\":\"https:\\\/\\\/whco.music\\\/\",\"logo\":{\"@type\":\"ImageObject\",\"inLanguage\":\"es\",\"@id\":\"https:\\\/\\\/whco.music\\\/#\\\/schema\\\/logo\\\/image\\\/\",\"url\":\"https:\\\/\\\/whco.music\\\/wp-content\\\/uploads\\\/2025\\\/08\\\/cropped-Small-Format-Black.png\",\"contentUrl\":\"https:\\\/\\\/whco.music\\\/wp-content\\\/uploads\\\/2025\\\/08\\\/cropped-Small-Format-Black.png\",\"width\":512,\"height\":512,\"caption\":\"WHCO\"},\"image\":{\"@id\":\"https:\\\/\\\/whco.music\\\/#\\\/schema\\\/logo\\\/image\\\/\"}}]}<\/script>\n<!-- \/ Yoast SEO plugin. -->","yoast_head_json":{"title":"Contact Us - WHCO","robots":{"index":"index","follow":"follow","max-snippet":"max-snippet:-1","max-image-preview":"max-image-preview:large","max-video-preview":"max-video-preview:-1"},"canonical":"https:\/\/whco.music\/es\/contact-us\/","og_locale":"es_ES","og_type":"article","og_title":"Contact Us - WHCO","og_description":"Our team is happy to answer any questions you may have. Here\u2019s how you can reach us: Mailing Address 5030 Broadway, Ste. 672 New York, NY 10034 Email Address info@whco.music [&hellip;]","og_url":"https:\/\/whco.music\/es\/contact-us\/","og_site_name":"WHCO","article_modified_time":"2025-11-15T11:35:21+00:00","og_image":[{"width":512,"height":512,"url":"https:\/\/i0.wp.com\/whco.music\/wp-content\/uploads\/2025\/08\/cropped-Small-Format-Black.png?fit=512%2C512&ssl=1","type":"image\/png"}],"twitter_card":"summary_large_image","twitter_misc":{"Tiempo de lectura":"1 minuto"},"schema":{"@context":"https:\/\/schema.org","@graph":[{"@type":"WebPage","@id":"https:\/\/whco.music\/contact-us\/","url":"https:\/\/whco.music\/contact-us\/","name":"Contact Us - WHCO","isPartOf":{"@id":"https:\/\/whco.music\/#website"},"datePublished":"2025-11-12T05:42:02+00:00","dateModified":"2025-11-15T11:35:21+00:00","breadcrumb":{"@id":"https:\/\/whco.music\/contact-us\/#breadcrumb"},"inLanguage":"es","potentialAction":[{"@type":"ReadAction","target":["https:\/\/whco.music\/contact-us\/"]}]},{"@type":"BreadcrumbList","@id":"https:\/\/whco.music\/contact-us\/#breadcrumb","itemListElement":[{"@type":"ListItem","position":1,"name":"Home","item":"https:\/\/whco.music\/"},{"@type":"ListItem","position":2,"name":"Contact Us"}]},{"@type":"WebSite","@id":"https:\/\/whco.music\/#website","url":"https:\/\/whco.music\/","name":"WHCO","description":"Sitio web oficial de la WHCO","publisher":{"@id":"https:\/\/whco.music\/#organization"},"potentialAction":[{"@type":"SearchAction","target":{"@type":"EntryPoint","urlTemplate":"https:\/\/whco.music\/?s={search_term_string}"},"query-input":{"@type":"PropertyValueSpecification","valueRequired":true,"valueName":"search_term_string"}}],"inLanguage":"es"},{"@type":"Organization","@id":"https:\/\/whco.music\/#organization","name":"WHCO","alternateName":"Get Inspired With Us","url":"https:\/\/whco.music\/","logo":{"@type":"ImageObject","inLanguage":"es","@id":"https:\/\/whco.music\/#\/schema\/logo\/image\/","url":"https:\/\/whco.music\/wp-content\/uploads\/2025\/08\/cropped-Small-Format-Black.png","contentUrl":"https:\/\/whco.music\/wp-content\/uploads\/2025\/08\/cropped-Small-Format-Black.png","width":512,"height":512,"caption":"WHCO"},"image":{"@id":"https:\/\/whco.music\/#\/schema\/logo\/image\/"}}]}},"jetpack_sharing_enabled":true,"jetpack_shortlink":"https:\/\/wp.me\/PgKNwn-wH","jetpack-related-posts":[{"id":927,"url":"https:\/\/whco.music\/es\/partners\/","url_meta":{"origin":2027,"position":0},"title":"Nuestros Socios y Colaboradores","author":"WHCO","date":"septiembre 13, 2025","format":false,"excerpt":"Empresas locales Patrocinadores Financiaci\u00f3n p\u00fablica y fundaciones Sedes OSA Our Saviour's Atonement es una congregaci\u00f3n de la ECLA formada por personas de muy diversos credos. Hemos encontrado fuerza para nuestra vida diaria en una comunidad donde las preguntas son bienvenidas y las historias de fe se transmiten de generaci\u00f3n en generaci\u00f3n. Conciertos...","rel":"","context":"Entrada similar","block_context":{"text":"Entrada similar","link":""},"img":{"alt_text":"","src":"https:\/\/i0.wp.com\/whco.music\/wp-content\/uploads\/2025\/11\/LogoOrange.png?resize=350%2C200&ssl=1","width":350,"height":200,"srcset":"https:\/\/i0.wp.com\/whco.music\/wp-content\/uploads\/2025\/11\/LogoOrange.png?resize=350%2C200&ssl=1 1x, https:\/\/i0.wp.com\/whco.music\/wp-content\/uploads\/2025\/11\/LogoOrange.png?resize=525%2C300&ssl=1 1.5x, https:\/\/i0.wp.com\/whco.music\/wp-content\/uploads\/2025\/11\/LogoOrange.png?resize=700%2C400&ssl=1 2x"},"classes":[]},{"id":1178,"url":"https:\/\/whco.music\/es\/sound-bridges-information-for-local-organizations\/","url_meta":{"origin":2027,"position":1},"title":"SoundBridges: Informaci\u00f3n para organizaciones locales","author":"WHCO","date":"septiembre 15, 2025","format":false,"excerpt":"La WHCO se compromete a colaborar con otras organizaciones locales en sus actos p\u00fablicos. Creemos que trabajando juntos para que estos eventos tengan \u00e9xito, no s\u00f3lo beneficiamos a nuestras organizaciones individuales, sino a toda nuestra comunidad. Tambi\u00e9n somos conscientes de que no todas las organizaciones, en particular las sin \u00e1nimo de lucro, tienen el presupuesto...","rel":"","context":"Entrada similar","block_context":{"text":"Entrada similar","link":""},"img":{"alt_text":"","src":"","width":0,"height":0},"classes":[]},{"id":1173,"url":"https:\/\/whco.music\/es\/sound-bridges-information-for-musicians\/","url_meta":{"origin":2027,"position":2},"title":"SoundBridges: Informaci\u00f3n para m\u00fasicos","author":"WHCO","date":"septiembre 15, 2025","format":false,"excerpt":"WHCO se ha comprometido a apoyar el incre\u00edble talento local aqu\u00ed en el Alto Manhattan. Una de las mejores ventajas como m\u00fasico de la WHCO es poder actuar para nuestra comunidad en nuestros locales y eventos favoritos como \"equipo local\". Nuestros m\u00fasicos integrados en la comunidad tienen un...","rel":"","context":"Entrada similar","block_context":{"text":"Entrada similar","link":""},"img":{"alt_text":"","src":"","width":0,"height":0},"classes":[]},{"id":32,"url":"https:\/\/whco.music\/es\/support\/","url_meta":{"origin":2027,"position":3},"title":"Ap\u00f3yanos","author":"WHCO","date":"agosto 25, 2025","format":false,"excerpt":"Transform Washington Heights through music! Your gift brings exemplary performances and innovative educational programming to our diverse community \u2014 making world-class music accessible to all. The Washington Heights Chamber Orchestra is a non-profit 501(c)(3) organization. Fill out my LGL Form! Donate on Venmo Conveniently make a one-time donation to WHCO\u2026","rel":"","context":"Entrada similar","block_context":{"text":"Entrada similar","link":""},"img":{"alt_text":"","src":"https:\/\/i0.wp.com\/whco.music\/wp-content\/uploads\/2025\/09\/venmo-qr.png?resize=350%2C200&ssl=1","width":350,"height":200},"classes":[]},{"id":662,"url":"https:\/\/whco.music\/es\/mainstage-concerts\/","url_meta":{"origin":2027,"position":4},"title":"Conciertos MainStage","author":"WHCO","date":"septiembre 10, 2025","format":false,"excerpt":"Come and enjoy a night out on the town with great classical music, without the hassle of the midtown commute. Our evening MainStage concerts feature a one-hour, no intermission performance with repertoire curated for our Upper Manhattan audience as well as a post concert reception with the musicians of WHCO.\u2026","rel":"","context":"Entrada similar","block_context":{"text":"Entrada similar","link":""},"img":{"alt_text":"","src":"https:\/\/i0.wp.com\/whco.music\/wp-content\/uploads\/2025\/09\/April-Mainstage-Square.png?resize=350%2C200&ssl=1","width":350,"height":200,"srcset":"https:\/\/i0.wp.com\/whco.music\/wp-content\/uploads\/2025\/09\/April-Mainstage-Square.png?resize=350%2C200&ssl=1 1x, https:\/\/i0.wp.com\/whco.music\/wp-content\/uploads\/2025\/09\/April-Mainstage-Square.png?resize=525%2C300&ssl=1 1.5x, https:\/\/i0.wp.com\/whco.music\/wp-content\/uploads\/2025\/09\/April-Mainstage-Square.png?resize=700%2C400&ssl=1 2x, https:\/\/i0.wp.com\/whco.music\/wp-content\/uploads\/2025\/09\/April-Mainstage-Square.png?resize=1050%2C600&ssl=1 3x, https:\/\/i0.wp.com\/whco.music\/wp-content\/uploads\/2025\/09\/April-Mainstage-Square.png?resize=1400%2C800&ssl=1 4x"},"classes":[]},{"id":767,"url":"https:\/\/whco.music\/es\/sponsor\/","url_meta":{"origin":2027,"position":5},"title":"Convi\u00e9rtete en Patrocinador","author":"WHCO","date":"septiembre 11, 2025","format":false,"excerpt":"Are you an Uptown business owner who wants to 'see your name in lights' on our website, programs, social media, and more? We love promoting local businesses and giving our audience a reason to stay, eat, and shop uptown on weekends. Our mission is serving Uptown Manhattan, and that includes\u2026","rel":"","context":"Entrada similar","block_context":{"text":"Entrada similar","link":""},"img":{"alt_text":"","src":"","width":0,"height":0},"classes":[]}],"ticketed":false,"_links":{"self":[{"href":"https:\/\/whco.music\/es\/wp-json\/wp\/v2\/pages\/2027","targetHints":{"allow":["GET"]}}],"collection":[{"href":"https:\/\/whco.music\/es\/wp-json\/wp\/v2\/pages"}],"about":[{"href":"https:\/\/whco.music\/es\/wp-json\/wp\/v2\/types\/page"}],"author":[{"embeddable":true,"href":"https:\/\/whco.music\/es\/wp-json\/wp\/v2\/users\/270283022"}],"replies":[{"embeddable":true,"href":"https:\/\/whco.music\/es\/wp-json\/wp\/v2\/comments?post=2027"}],"version-history":[{"count":27,"href":"https:\/\/whco.music\/es\/wp-json\/wp\/v2\/pages\/2027\/revisions"}],"predecessor-version":[{"id":2086,"href":"https:\/\/whco.music\/es\/wp-json\/wp\/v2\/pages\/2027\/revisions\/2086"}],"wp:attachment":[{"href":"https:\/\/whco.music\/es\/wp-json\/wp\/v2\/media?parent=2027"}],"curies":[{"name":"wp","href":"https:\/\/api.w.org\/{rel}","templated":true}]}}